{"id":88,"date":"2013-04-17T14:43:15","date_gmt":"2013-04-17T14:43:15","guid":{"rendered":"http:\/\/www.munto.net\/quest\/?page_id=88"},"modified":"2024-09-26T13:53:30","modified_gmt":"2024-09-26T13:53:30","slug":"contact","status":"publish","type":"page","link":"https:\/\/phenixsportsinvest.com\/?page_id=88","title":{"rendered":"Contact"},"content":{"rendered":"<div class=\"wpb-content-wrapper\"><p>[vc_row][vc_column width=\u00a0\u00bb1\/1&Prime;][vc_column_text css=\u00a0\u00bb\u00a0\u00bb]<\/p>\n<h4>Vous avez un projet sportif ou souhaitez en savoir plus sur nos solutions d&rsquo;investissement ?<br \/>\nContactez Phenix Sports Invest via notre formulaire.<br \/>\nNotre \u00e9quipe se tient \u00e0 votre disposition pour \u00e9changer avec vous et r\u00e9pondre \u00e0 toutes vos questions.<br \/>\nEnsemble, b\u00e2tissons les champions de demain !<\/h4>\n<p>[\/vc_column_text][\/vc_column][\/vc_row]<\/p>\n<\/div>","protected":false},"excerpt":{"rendered":"<p>[vc_row][vc_column width=\u00a0\u00bb1\/1&Prime;][vc_column_text css=\u00a0\u00bb\u00a0\u00bb] Vous avez un projet sportif ou souhaitez en savoir plus sur nos solutions d&rsquo;investissement ? Contactez Phenix Sports Invest via notre formulaire. Notre \u00e9quipe se tient \u00e0 votre disposition pour \u00e9changer avec vous et r\u00e9pondre \u00e0 toutes vos questions. Ensemble, b\u00e2tissons les champions de demain ! [\/vc_column_text][\/vc_column][\/vc_row]<\/p>\n","protected":false},"author":1,"featured_media":0,"parent":0,"menu_order":0,"comment_status":"closed","ping_status":"open","template":"page-contact.php","meta":{"footnotes":""},"class_list":["post-88","page","type-page","status-publish","hentry"],"_links":{"self":[{"href":"https:\/\/phenixsportsinvest.com\/index.php?rest_route=\/wp\/v2\/pages\/88","targetHints":{"allow":["GET"]}}],"collection":[{"href":"https:\/\/phenixsportsinvest.com\/index.php?rest_route=\/wp\/v2\/pages"}],"about":[{"href":"https:\/\/phenixsportsinvest.com\/index.php?rest_route=\/wp\/v2\/types\/page"}],"author":[{"embeddable":true,"href":"https:\/\/phenixsportsinvest.com\/index.php?rest_route=\/wp\/v2\/users\/1"}],"replies":[{"embeddable":true,"href":"https:\/\/phenixsportsinvest.com\/index.php?rest_route=%2Fwp%2Fv2%2Fcomments&post=88"}],"version-history":[{"count":4,"href":"https:\/\/phenixsportsinvest.com\/index.php?rest_route=\/wp\/v2\/pages\/88\/revisions"}],"predecessor-version":[{"id":2670,"href":"https:\/\/phenixsportsinvest.com\/index.php?rest_route=\/wp\/v2\/pages\/88\/revisions\/2670"}],"wp:attachment":[{"href":"https:\/\/phenixsportsinvest.com\/index.php?rest_route=%2Fwp%2Fv2%2Fmedia&parent=88"}],"curies":[{"name":"wp","href":"https:\/\/api.w.org\/{rel}","templated":true}]}}