{"id":1956,"date":"2013-06-23T11:12:40","date_gmt":"2013-06-23T11:12:40","guid":{"rendered":"https:\/\/www.pirenko.com\/aria\/?page_id=1956"},"modified":"2024-10-07T10:52:30","modified_gmt":"2024-10-07T10:52:30","slug":"corporate-revolution","status":"publish","type":"page","link":"https:\/\/phenixsportsinvest.com\/","title":{"rendered":"Home"},"content":{"rendered":"<div class=\"wpb-content-wrapper\"><p>[vc_row align=\u00a0\u00bbleft\u00a0\u00bb][vc_column width=\u00a0\u00bb1\/2&Prime;]<div class=\"aria_spacer clearfix\" style=\"height:30px;\"><\/div>[vc_column_text css=\u00a0\u00bb\u00a0\u00bb]<\/p>\n<h4>Chez Phenix Sport Invest nous comprenons que chaque investisseur <strong>est en droit d\u2019attendre un rendement optimale et une tranquillit\u00e9 d\u2019esprit pour son investissement.<\/strong><\/h4>\n<p>&nbsp;<\/p>\n<h4><\/h4>\n<h4>Nos partenaires, nos conseillers, nos gestionnaires et notre \u00e9quipe <strong>doivent apporter<\/strong> \u00e0 chaque investisseur, <strong>le plus haut niveau d\u2019analyse financi\u00e8re<\/strong> <strong>et une connaissance parfaite du sport professionnel.<\/strong><\/h4>\n<p>&nbsp;<\/p>\n<h4><\/h4>\n<h4>Ensemble, nous mettons en commun nos comp\u00e9tences <strong>pour un seul objectif :<\/strong> offrir une exp\u00e9rience exceptionnelle \u00e0 chaque investisseur.<\/h4>\n<p>&nbsp;<\/p>\n<h4><\/h4>\n<h4>Chez Phenix sport Invest, nous pensons que la planification est la base du succ\u00e8s. <strong>Parce que chaque investisseur est unique, parce que chaque club est unique, nous nous devons de construire un plan sur mesure.<\/strong><\/h4>\n<p>&nbsp;<\/p>\n<h4><\/h4>\n<h4>Sur l\u2019aspect sportif, nous nous engageons \u00e0 rechercher, analyser <strong>et trouver les meilleurs profils pour notre \u00e9quipe<\/strong>. Cette recherche doit se faire au niveau local, national, europ\u00e9en mais aussi au niveau international.<\/h4>\n<p>&nbsp;<\/p>\n<h4><\/h4>\n<h4>Cette volont\u00e9 de trouver les meilleurs profils est constante chez nous. Nous serons toujours ouverts aux nouveaux profils. Mais le sport ne se limite pas au terrain car le club, notre club est plus qu\u2019une simple \u00e9quipe.<\/h4>\n<p>&nbsp;<\/p>\n<h4><\/h4>\n<h4>Nous devons travailler sur tous les aspects d\u2019un club, en consid\u00e9rant celui-ci comme une business unit ou comme un produit qui m\u00e9rite les meilleurs combinaisons pour avoir un rendement optimal.<\/h4>\n<p>&nbsp;<\/p>\n<h4><\/h4>\n<h4>Gr\u00e2ce \u00e0 notre engagement \u00e0 fournir le plus haut niveau de service, nous \u00e9levons la gestion du club, de notre club \u00e0 un autre niveau.<\/h4>\n<p>[\/vc_column_text][\/vc_column][vc_column width=\u00a0\u00bb1\/2&Prime;]<div class=\"aria_spacer clearfix\" style=\"height:300px;\"><\/div>[vc_single_image image=\u00a0\u00bb2679&Prime; img_size=\u00a0\u00bbfull\u00a0\u00bb alignment=\u00a0\u00bbright\u00a0\u00bb][\/vc_column][\/vc_row][vc_row bk_type=\u00a0\u00bbfull_width\u00a0\u00bb bk_element=\u00a0\u00bbimage\u00a0\u00bb bk_image=\u00a0\u00bb1984&Prime; bg_image=\u00a0\u00bb2712&Prime;][vc_column width=\u00a0\u00bb2\/3&Prime;]<div class=\"prk_shortcode-title\"><div class=\"header_font sizer_large zero_color\" style=\"color:#ffffff;text-shadow:0px 0px 1px rgba(255, 255, 255,0.3);\">Pourquoi investir dans le sport ?<\/div><\/div>[vc_separator][vc_column_text css=\u00a0\u00bb\u00a0\u00bb]<\/p>\n<h4>Aujourd\u2019hui seul le sport peut regrouper une famille devant un \u00e9cran ou dans un stade.<\/h4>\n<p>&nbsp;<\/p>\n<h4>Aujourd\u2019hui seul le sport peut regrouper une nation, une soci\u00e9t\u00e9 autour d\u2019un objectif commun.<\/h4>\n<p>&nbsp;<\/p>\n<h4>Aujourd\u2019hui seul le sport cr\u00e9e des \u00e9motions telles qu\u2019elles peuvent surpasser ou embarquer une <strong>population diverse et vari\u00e9e.<\/strong><\/h4>\n<p>&nbsp;<\/p>\n<h4><\/h4>\n<h4>Les \u00e9motions ne sont pas de produits comme les autres, ce sont des g\u00e9n\u00e9rateurs de bonheur qui n\u2019ont pas de prix. Le sport n\u2019est pas l\u2019opium du peuple, il est son moteur d\u2019\u00e9motions positives.<\/h4>\n<p>&nbsp;<\/p>\n<h4><\/h4>\n<h4>Chez Phenix Sport, on consid\u00e8re <strong>que cette \u00e9motion peut-\u00eatre transformer en valeurs financi\u00e8res.<\/strong> Un sport financi\u00e8rement rentable, c\u2019est un sport qui se d\u00e9veloppe et qui cr\u00e9e de l\u2019\u00e9motion pour ses fans.<\/h4>\n<p>&nbsp;<\/p>\n<h4><\/h4>\n<h4>Le sport doit \u00eatre trait\u00e9 comme un secteur \u00e9conomique classique <strong>et non uniquement comme une association de bienfaiteurs \u00e0 destination du plus grand nombre.<\/strong><\/h4>\n<p>&nbsp;<\/p>\n<h4><\/h4>\n<h4>Chez Phenix Sport Invest, on consid\u00e8re que le travail, l\u2019engagement, l\u2019expertise et l\u2019exp\u00e9rience doivent \u00eatre mise au service de nos investisseurs, partenaires afin de transformer le sport en \u00e9conomie rentable.<\/h4>\n<h4><\/h4>\n<h4><\/h4>\n<h4>L\u2019investissement dans le sport doit se concentre sur trois secteurs verticaux : le d\u00e9veloppement de la pratique, les m\u00e9dias et le divertissement.<\/h4>\n<p>&nbsp;<\/p>\n<h4><\/h4>\n<h4><strong><em>\u00ab\u00a0Une augmentation des pratiquants doit entrainer une augmentation du nombre de t\u00e9l\u00e9spectateurs (ou fans ou spectateurs), ce qui va g\u00e9n\u00e9rer une meilleure audience (ou meilleur ticketing ou merchandising). <\/em><em>Si on agr\u00e8ge cela \u00e0 une \u00e9quipe qui cr\u00e9e de l\u2019\u00e9motion, on arrive \u00e0 un divertissement de meilleur qualit\u00e9, qui va attirer <b>plus de personnes au stade et devant la t\u00e9l\u00e9<\/b>.<b>C&rsquo;est dans cette masse de nouveaux \u00ab\u00a0fans\u00a0\u00bb que nous allons retrouver nos nouveaux pratiquants &#8230; la boucle est boucl\u00e9e\u00a0\u00bb.<\/b><\/em><\/strong><\/h4>\n<p>[\/vc_column_text][\/vc_column][vc_column width=\u00a0\u00bb1\/3&Prime;][vc_column_text][\/vc_column_text][\/vc_column][\/vc_row][vc_row][vc_column width=\u00a0\u00bb1\/1&Prime;][vc_column_text][\/vc_column_text][\/vc_column][\/vc_row][vc_row align=\u00a0\u00bbleft\u00a0\u00bb margin_type=\u00a0\u00bbunmargined\u00a0\u00bb][vc_column width=\u00a0\u00bb1\/1&Prime;]<div class=\"prk_shortcode-title\"><div class=\"header_font prk_titlify_father sizer_large bd_headings_text_shadow zero_color\" style=\"\">Nos valeurs<\/div><\/div>[vc_raw_html]JTNDZGl2JTIwY2xhc3MlM0QlMjJjbGVhcmZpeCUyMiUyMHN0eWxlJTNEJTIybWFyZ2luLWJvdHRvbSUzQTEwcHglMjIlM0UlM0MlMkZkaXYlM0U=[\/vc_raw_html][\/vc_column][\/vc_row][vc_row align=\u00a0\u00bbleft\u00a0\u00bb][vc_column width=\u00a0\u00bb1\/4&Prime;][vc_column_text css=\u00a0\u00bb\u00a0\u00bb]<\/p>\n<h4>Chez Sport Invest, nous croyons dans la valeur travail. Comme dans le sport, la r\u00e9ussite chez Sport Invest se fait par le travail. La valeur travail est une valeur essentielle dans la r\u00e9ussite de nos objectifs.<\/h4>\n<h4>Au c\u0153ur de Sport Invest, le sport ne peut \u00eatre uniquement pris sous le prisme du divertissement. Le sport est un acteur \u00e9conomique qui doit g\u00e9n\u00e9rer des revenus afin de satisfaire nos partenaires et nos investisseurs.<\/h4>\n<h4>Un sport sain \u00e9conomiquement est un sport qui permet \u00e0 ses acteurs terrains de cr\u00e9er de l\u2019\u00e9motion.<\/h4>\n<p>[\/vc_column_text][\/vc_column][vc_column width=\u00a0\u00bb1\/4&Prime;]<div class=\"prk_service  prk_service_left\"><div class=\"icon-tools colored_link_icon not_zero_color\"><\/div><div class=\"clearfix\"><\/div><div class=\"prk_service_ctt\"><h3 class=\"small zero_color bd_headings_text_shadow header_font\">Travail<\/h3><div class=\"clearfix\"><\/div><div>De nos jours on minimise la valeur travail, on classifie les diff\u00e9rents types de travailleurs et on hi\u00e9rarchise les travaux qui r\u00e9alisent. Chez Sport Invest, on lie la notion d\u2019\u00e9quipe avec le travail et la n\u00e9cessit\u00e9 de l\u2019apport de chacun des co\u00e9quipiers.<\/div><\/div><\/div><div class=\"prk_service  prk_service_left\"><div class=\"icon-star colored_link_icon not_zero_color\"><\/div><div class=\"clearfix\"><\/div><div class=\"prk_service_ctt\"><h3 class=\"small zero_color bd_headings_text_shadow header_font\">Europe<\/h3><div class=\"clearfix\"><\/div><div>Apprendre les bonnes pratiques, s\u2019inspirer des r\u00e9ussites et respecter le travail des autres clubs et ceci dans tous les pays. Chez Sport Invest, on consid\u00e8re que l\u2019Europe doit etre consid\u00e9r\u00e9 comme un seul pays, ou tous les joueurs, supporters ou acteurs peuvent apporter \u00e0 notre projet.<\/div><\/div><\/div>[\/vc_column][vc_column width=\u00a0\u00bb1\/4&Prime;]<div class=\"prk_service  prk_service_left\"><div class=\"icon-rocket colored_link_icon not_zero_color\"><\/div><div class=\"clearfix\"><\/div><div class=\"prk_service_ctt\"><h3 class=\"small zero_color bd_headings_text_shadow header_font\">Innovation<\/h3><div class=\"clearfix\"><\/div><div>Au c\u0153ur de nos valeurs, l\u2019innovation a une place centrale. IA, DATA, S\u00e9curit\u00e9 Num\u00e9rique, l\u2019innovation doit \u00eatre une plus-value pour le d\u00e9veloppement, sans \u00eatre un cheval de Troie pour nos concurrents.<\/div><\/div><\/div><div class=\"prk_service  prk_service_left\"><div class=\"icon-archive colored_link_icon not_zero_color\"><\/div><div class=\"clearfix\"><\/div><div class=\"prk_service_ctt\"><h3 class=\"small zero_color bd_headings_text_shadow header_font\">Engagement<\/h3><div class=\"clearfix\"><\/div><div>Notre engagement est de garantir \u00e0 nos partenaires et \u00e0 nos investisseurs une performance optimale et une tranquillit\u00e9 d\u2019esprit financi\u00e8re. Notre engagement est de faire les meilleurs investissement possibles, tout en garantissant une clart\u00e9 et une visibilit\u00e9 maximum de nos actions.<\/div><\/div><\/div>[\/vc_column][vc_column width=\u00a0\u00bb1\/4&Prime;]<div class=\"prk_service  prk_service_left\"><div class=\"icon-globe colored_link_icon not_zero_color\"><\/div><div class=\"clearfix\"><\/div><div class=\"prk_service_ctt\"><h3 class=\"small zero_color bd_headings_text_shadow header_font\">International<\/h3><div class=\"clearfix\"><\/div><div>Le football est universel. Tous les hommes parlent le m\u00eame langage sur un terrain. Tous les supporters vivent des \u00e9motions dans les tribunes. De Dakar \u00e0 Shanga\u00ef, en passant par Miami, Buenos Aires, Rio ou encore Bangkok, on souhaite chez Sport Invest, s\u2019ouvrir au monde du football afin d\u00e9couvrir des nouveaux talents mais aussi convertir de nouveaux fans.<\/div><\/div><\/div><div class=\"prk_service  prk_service_left\"><div class=\"icon-trophy colored_link_icon not_zero_color\"><\/div><div class=\"clearfix\"><\/div><div class=\"prk_service_ctt\"><h3 class=\"small zero_color bd_headings_text_shadow header_font\">Excellence<\/h3><div class=\"clearfix\"><\/div><div>Le sport est un d\u00e9fi perp\u00e9tuel, un d\u00e9fi contre soi-m\u00eame et un d\u00e9fi contre les autres. La victoire totale, celle qui se r\u00e9p\u00e8te, est li\u00e9e \u00e0 l\u2019excellence. Chaque d\u00e9tail, inch by inch, nous allons travailler, cr\u00e9er, former et r\u00e9p\u00e9ter les choses afin de prendre en consid\u00e9ration chaque d\u00e9tail.<\/div><\/div><\/div>[\/vc_column][\/vc_row][vc_row][vc_column width=\u00a0\u00bb1\/1&Prime;][vc_column_text][\/vc_column_text][\/vc_column][\/vc_row]<\/p>\n<\/div>","protected":false},"excerpt":{"rendered":"<p>[vc_row align=\u00a0\u00bbleft\u00a0\u00bb][vc_column width=\u00a0\u00bb1\/2&Prime;][vc_column_text css=\u00a0\u00bb\u00a0\u00bb] Chez Phenix Sport Invest nous comprenons que chaque investisseur est en droit d\u2019attendre un rendement optimale et une tranquillit\u00e9 d\u2019esprit pour son investissement. &nbsp; Nos partenaires, nos conseillers, nos gestionnaires et notre \u00e9quipe doivent apporter \u00e0 chaque investisseur, le plus haut niveau d\u2019analyse financi\u00e8re et une connaissance parfaite du sport professionnel. [&hellip;]<\/p>\n","protected":false},"author":1,"featured_media":0,"parent":0,"menu_order":0,"comment_status":"closed","ping_status":"closed","template":"page-sections.php","meta":{"footnotes":""},"class_list":["post-1956","page","type-page","status-publish","hentry"],"_links":{"self":[{"href":"https:\/\/phenixsportsinvest.com\/index.php?rest_route=\/wp\/v2\/pages\/1956","targetHints":{"allow":["GET"]}}],"collection":[{"href":"https:\/\/phenixsportsinvest.com\/index.php?rest_route=\/wp\/v2\/pages"}],"about":[{"href":"https:\/\/phenixsportsinvest.com\/index.php?rest_route=\/wp\/v2\/types\/page"}],"author":[{"embeddable":true,"href":"https:\/\/phenixsportsinvest.com\/index.php?rest_route=\/wp\/v2\/users\/1"}],"replies":[{"embeddable":true,"href":"https:\/\/phenixsportsinvest.com\/index.php?rest_route=%2Fwp%2Fv2%2Fcomments&post=1956"}],"version-history":[{"count":32,"href":"https:\/\/phenixsportsinvest.com\/index.php?rest_route=\/wp\/v2\/pages\/1956\/revisions"}],"predecessor-version":[{"id":2744,"href":"https:\/\/phenixsportsinvest.com\/index.php?rest_route=\/wp\/v2\/pages\/1956\/revisions\/2744"}],"wp:attachment":[{"href":"https:\/\/phenixsportsinvest.com\/index.php?rest_route=%2Fwp%2Fv2%2Fmedia&parent=1956"}],"curies":[{"name":"wp","href":"https:\/\/api.w.org\/{rel}","templated":true}]}}