{"id":1333,"date":"2013-06-16T23:14:56","date_gmt":"2013-06-16T23:14:56","guid":{"rendered":"https:\/\/www.pirenko.com\/aria\/?page_id=1333"},"modified":"2025-03-17T14:27:57","modified_gmt":"2025-03-17T14:27:57","slug":"about-us","status":"publish","type":"page","link":"https:\/\/phenixsportsinvest.com\/?page_id=1333","title":{"rendered":"About Us"},"content":{"rendered":"<div class=\"wpb-content-wrapper\"><p>[vc_row][vc_column width=\u00a0\u00bb1\/1&Prime;]<div class=\"aria_spacer clearfix\" style=\"height:30px;\"><\/div><div class=\"prk_shortcode-title\"><div class=\"special_italic alignify_center sizer_small bd_headings_text_shadow zero_color\" style=\"\">\u00ab Nous souhaitons acheter un club en Ligue 1. Cet investissement strat\u00e9gique renforcerait notre pr\u00e9sence dans le football europ\u00e9en, parall\u00e8lement \u00e0 notre participation dans d\u2019autres clubs. Nous pensons qu\u2019il cr\u00e9erait d\u2019\u00e9normes opportunit\u00e9s de partage des connaissances et d\u2019expertise \u00bb pr\u00e9cisent les actionnaires de phenix sport Invest.<\/div><\/div>[vc_separator color=\u00a0\u00bbcustom\u00a0\u00bb css=\u00a0\u00bb\u00a0\u00bb accent_color=\u00a0\u00bb#C9A347&Prime;]<div class=\"row prk_row\">\n\t\t<ul class=\"slides member_ul\"><li class=\"six columns sh_member_wrapper\"><a href=\"https:\/\/phenixsportsinvest.com\/?pirenko_team_member=luis-de-souza\" class=\"sh_member_link fade_anchor\"><div class=\"member_colored_block boxed_shadow\"><div class=\"member_colored_block_in\"><div class=\"navicon-plus sh_member_link_icon body_bk_color\"><\/div><\/div><img src=https:\/\/phenixsportsinvest.com\/wp-content\/uploads\/2024\/09\/LUIS-SOUSA-Rond-transparent-Final.png alt=\"\" class=\"mb_in_img\" \/><\/div> <\/a><div class=\"sh_member_name zero_color header_font bd_headings_text_shadow\"><h3><a href=\"https:\/\/phenixsportsinvest.com\/?pirenko_team_member=luis-de-souza\" class=\"fade_anchor\">Luis SOUSA <\/a><\/h3><\/div><div class=\"tiny_line\"><\/div><div class=\"sh_member_function zero_color bd_headings_text_shadow header_font\">Associ\u00e9<\/div><div class=\"sh_member_email default_color special_italic\"><a href=\"mailto:\"> <\/a><\/div><div class=\"clearfix\"><\/div><\/li><li class=\"six columns sh_member_wrapper\"><a href=\"https:\/\/phenixsportsinvest.com\/?pirenko_team_member=paul-tavares\" class=\"sh_member_link fade_anchor\"><div class=\"member_colored_block boxed_shadow\"><div class=\"member_colored_block_in\"><div class=\"navicon-plus sh_member_link_icon body_bk_color\"><\/div><\/div><img src=https:\/\/phenixsportsinvest.com\/wp-content\/uploads\/2024\/09\/Paolo-TAVARES-Rond-transparent-final.png alt=\"\" class=\"mb_in_img\" \/><\/div> <\/a><div class=\"sh_member_name zero_color header_font bd_headings_text_shadow\"><h3><a href=\"https:\/\/phenixsportsinvest.com\/?pirenko_team_member=paul-tavares\" class=\"fade_anchor\">Paul TAVARES <\/a><\/h3><\/div><div class=\"tiny_line\"><\/div><div class=\"sh_member_function zero_color bd_headings_text_shadow header_font\">Associ\u00e9<\/div><div class=\"sh_member_email default_color special_italic\"><a href=\"mailto:pt@phenixsportsinvest.com \">pt@phenixsportsinvest.com  <\/a><\/div><div class=\"clearfix\"><\/div><\/li><li class=\"clearfix\"><\/li><li class=\"clearfix columns\"><\/li><\/ul>\n\t\t<\/div><div class=\"row prk_row\">\n\t\t<ul class=\"slides member_ul\"><li class=\"six columns sh_member_wrapper\"><a href=\"https:\/\/phenixsportsinvest.com\/?pirenko_team_member=charles-kashema\" class=\"sh_member_link fade_anchor\"><div class=\"member_colored_block boxed_shadow\"><div class=\"member_colored_block_in\"><div class=\"navicon-plus sh_member_link_icon body_bk_color\"><\/div><\/div><img src=https:\/\/phenixsportsinvest.com\/wp-content\/uploads\/2024\/09\/Charles-KASHEMA-Rond-Transparent-Final.png alt=\"\" class=\"mb_in_img\" \/><\/div> <\/a><div class=\"sh_member_name zero_color header_font bd_headings_text_shadow\"><h3><a href=\"https:\/\/phenixsportsinvest.com\/?pirenko_team_member=charles-kashema\" class=\"fade_anchor\">Charles KASHEMA <\/a><\/h3><\/div><div class=\"tiny_line\"><\/div><div class=\"sh_member_function zero_color bd_headings_text_shadow header_font\">Consultant<\/div><div class=\"sh_member_email default_color special_italic\"><a href=\"mailto:ck@phenixsportsinvest.com\">ck@phenixsportsinvest.com <\/a><\/div><div class=\"clearfix\"><\/div><\/li><li class=\"six columns sh_member_wrapper\"><a href=\"https:\/\/phenixsportsinvest.com\/?pirenko_team_member=a-venir-2\" class=\"sh_member_link fade_anchor\"><div class=\"member_colored_block boxed_shadow\"><div class=\"member_colored_block_in\"><div class=\"navicon-plus sh_member_link_icon body_bk_color\"><\/div><\/div><img src=https:\/\/phenixsportsinvest.com\/wp-content\/uploads\/2024\/09\/Shadow-Rond-transparent-Final.png alt=\"\" class=\"mb_in_img\" \/><\/div> <\/a><div class=\"sh_member_name zero_color header_font bd_headings_text_shadow\"><h3><a href=\"https:\/\/phenixsportsinvest.com\/?pirenko_team_member=a-venir-2\" class=\"fade_anchor\">\u00e0 venir <\/a><\/h3><\/div><div class=\"tiny_line\"><\/div><div class=\"sh_member_function zero_color bd_headings_text_shadow header_font\">\u00e0 venir<\/div><div class=\"sh_member_email default_color special_italic\"><a href=\"mailto:\"> <\/a><\/div><div class=\"clearfix\"><\/div><\/li><li class=\"clearfix\"><\/li><li class=\"clearfix columns\"><\/li><\/ul>\n\t\t<\/div><div class=\"row prk_row\">\n\t\t<ul class=\"slides member_ul\"><li class=\"six columns sh_member_wrapper\"><a href=\"https:\/\/phenixsportsinvest.com\/?pirenko_team_member=eric-frecon\" class=\"sh_member_link fade_anchor\"><div class=\"member_colored_block boxed_shadow\"><div class=\"member_colored_block_in\"><div class=\"navicon-plus sh_member_link_icon body_bk_color\"><\/div><\/div><img src=https:\/\/phenixsportsinvest.com\/wp-content\/uploads\/2024\/09\/Eric-FRECON-Rond-Transparent-Final.png alt=\"\" class=\"mb_in_img\" \/><\/div> <\/a><div class=\"sh_member_name zero_color header_font bd_headings_text_shadow\"><h3><a href=\"https:\/\/phenixsportsinvest.com\/?pirenko_team_member=eric-frecon\" class=\"fade_anchor\">Eric FRECON <\/a><\/h3><\/div><div class=\"tiny_line\"><\/div><div class=\"sh_member_function zero_color bd_headings_text_shadow header_font\">Consultant<\/div><div class=\"sh_member_email default_color special_italic\"><a href=\"mailto:\"> <\/a><\/div><div class=\"clearfix\"><\/div><\/li><li class=\"six columns sh_member_wrapper\"><a href=\"https:\/\/phenixsportsinvest.com\/?pirenko_team_member=patrick-bonneil\" class=\"sh_member_link fade_anchor\"><div class=\"member_colored_block boxed_shadow\"><div class=\"member_colored_block_in\"><div class=\"navicon-plus sh_member_link_icon body_bk_color\"><\/div><\/div><img src=https:\/\/phenixsportsinvest.com\/wp-content\/uploads\/2024\/09\/Patrick-BONNEIL-Rond-Transparent-Final.png alt=\"\" class=\"mb_in_img\" \/><\/div> <\/a><div class=\"sh_member_name zero_color header_font bd_headings_text_shadow\"><h3><a href=\"https:\/\/phenixsportsinvest.com\/?pirenko_team_member=patrick-bonneil\" class=\"fade_anchor\">Patrick BONNEIL <\/a><\/h3><\/div><div class=\"tiny_line\"><\/div><div class=\"sh_member_function zero_color bd_headings_text_shadow header_font\">Consultant<\/div><div class=\"sh_member_email default_color special_italic\"><a href=\"mailto:\"> <\/a><\/div><div class=\"clearfix\"><\/div><\/li><li class=\"clearfix\"><\/li><li class=\"clearfix columns\"><\/li><\/ul>\n\t\t<\/div>[\/vc_column][\/vc_row][vc_row bk_type=\u00a0\u00bbfull_width\u00a0\u00bb bk_element=\u00a0\u00bbimage\u00a0\u00bb bg_image=\u00a0\u00bb2720&Prime;][vc_column width=\u00a0\u00bb1\/1&Prime;]<div class=\"aria_spacer clearfix\" style=\"height:300px;\"><\/div>[\/vc_column][\/vc_row]<\/p>\n<\/div>","protected":false},"excerpt":{"rendered":"<p>[vc_row][vc_column width=\u00a0\u00bb1\/1&Prime;][vc_separator color=\u00a0\u00bbcustom\u00a0\u00bb css=\u00a0\u00bb\u00a0\u00bb accent_color=\u00a0\u00bb#C9A347&Prime;][\/vc_column][\/vc_row][vc_row bk_type=\u00a0\u00bbfull_width\u00a0\u00bb bk_element=\u00a0\u00bbimage\u00a0\u00bb bg_image=\u00a0\u00bb2720&Prime;][vc_column width=\u00a0\u00bb1\/1&Prime;][\/vc_column][\/vc_row]<\/p>\n","protected":false},"author":1,"featured_media":0,"parent":0,"menu_order":0,"comment_status":"closed","ping_status":"closed","template":"page-sections.php","meta":{"footnotes":""},"class_list":["post-1333","page","type-page","status-publish","hentry"],"_links":{"self":[{"href":"https:\/\/phenixsportsinvest.com\/index.php?rest_route=\/wp\/v2\/pages\/1333","targetHints":{"allow":["GET"]}}],"collection":[{"href":"https:\/\/phenixsportsinvest.com\/index.php?rest_route=\/wp\/v2\/pages"}],"about":[{"href":"https:\/\/phenixsportsinvest.com\/index.php?rest_route=\/wp\/v2\/types\/page"}],"author":[{"embeddable":true,"href":"https:\/\/phenixsportsinvest.com\/index.php?rest_route=\/wp\/v2\/users\/1"}],"replies":[{"embeddable":true,"href":"https:\/\/phenixsportsinvest.com\/index.php?rest_route=%2Fwp%2Fv2%2Fcomments&post=1333"}],"version-history":[{"count":28,"href":"https:\/\/phenixsportsinvest.com\/index.php?rest_route=\/wp\/v2\/pages\/1333\/revisions"}],"predecessor-version":[{"id":2754,"href":"https:\/\/phenixsportsinvest.com\/index.php?rest_route=\/wp\/v2\/pages\/1333\/revisions\/2754"}],"wp:attachment":[{"href":"https:\/\/phenixsportsinvest.com\/index.php?rest_route=%2Fwp%2Fv2%2Fmedia&parent=1333"}],"curies":[{"name":"wp","href":"https:\/\/api.w.org\/{rel}","templated":true}]}}